{"id":1062,"date":"2019-02-19T16:51:30","date_gmt":"2019-02-19T15:51:30","guid":{"rendered":"https:\/\/www.kwikgrass.nu\/?page_id=1062"},"modified":"2020-10-29T10:56:29","modified_gmt":"2020-10-29T09:56:29","slug":"valdemping","status":"publish","type":"page","link":"https:\/\/www.kwikgrass.nu\/de\/valdemping\/","title":{"rendered":"Fallschutz"},"content":{"rendered":"<div id=\"page-header-1493006079\" class=\"page-header-wrapper\">\n  <div class=\"page-title dark featured-title\">\n\n        <div class=\"page-title-bg\">\n      <div class=\"title-bg fill bg-fill\"\n        data-parallax-container=\".page-title\"\n        data-parallax-background\n data-parallax=\"-\">\n      <\/div>\n      <div class=\"title-overlay fill\"><\/div>\n    <\/div>\n    \n    <div class=\"page-title-inner container align-center flex-row medium-flex-wrap\" >\n              <div class=\"title-wrapper flex-col text-left medium-text-center\">\n          <h1 class=\"entry-title mb-0\">\n            Fallschutz          <\/h1>\n        <\/div>\n                    <div class=\"title-content flex-col flex-right text-right medium-text-center\">\n        <div class=\"title-breadcrumbs pb-half pt-half\"><\/div>      <\/div>\n    <\/div>\n\n     \n<style>\n#page-header-1493006079 .page-title-inner {\n  min-height: 300px;\n}\n#page-header-1493006079 .title-bg {\n  background-image: url(https:\/\/www.kwikgrass.nu\/wp-content\/uploads\/2020\/10\/kwikfloor1-scaled.jpg);\n  background-position: 75% 100%;\n}\n<\/style>\n  <\/div>\n    <\/div>\n  \n\t<section class=\"section\" id=\"section_1625853212\">\n\t\t<div class=\"bg section-bg fill bg-fill  bg-loaded\" >\n\n\t\t\t\n\t\t\t\n\t\t\t\n\n\t\t<\/div>\n\n\t\t<div class=\"section-content relative\">\n\t\t\t\n<div class=\"row row-large align-middle\"  id=\"row-1571521521\">\n\n\t<div id=\"col-1600525594\" class=\"col medium-6 small-12 large-6\"  >\n\t\t<div class=\"col-inner text-left\"  >\n\t\t\t\n\t\t\t\n<h1>Fallschutz<\/h1>\n<p>Die Fallschutzmatte ist ein immer \u00f6fter verwendetes Produkt in Kombination mit Kunstrasen. Es wird nicht nur zur Herstellung eines sicheren Kunstrasen- oder Gummibodens verwendet, sondern auch zur Erh\u00f6hung des Komforts und der Verl\u00e4ngerung der Lebensdauer des Kunstrasens.<\/p>\n<p>Unsere selbstentwickelten Fallschutzmatten unterscheiden sich von allen anderen Fallschutzplatten auf dem Markt durch ihre einzigartigen Eigenschaften und ihre Zusammensetzung.<\/p>\n<p>\u00a0<\/p>\n\t\t<\/div>\n\t\t\t<\/div>\n\n\t\n\n\t<div id=\"col-1974847135\" class=\"col medium-6 small-12 large-6\"  >\n\t\t<div class=\"col-inner\"  >\n\t\t\t\n\t\t\t\n\t<div class=\"img has-hover x md-x lg-x y md-y lg-y\" id=\"image_449076313\">\n\t\t\t\t\t\t\t\t<div class=\"img-inner dark\" >\n\t\t\t<img loading=\"lazy\" decoding=\"async\" width=\"800\" height=\"461\" src=\"https:\/\/www.kwikgrass.nu\/wp-content\/uploads\/2019\/02\/kunstgras-speeltoestellen.jpg\" class=\"attachment-large size-large\" alt=\"Mooie veilige speeltuinen met een kunstgras ondergrond\" srcset=\"https:\/\/www.kwikgrass.nu\/wp-content\/uploads\/2019\/02\/kunstgras-speeltoestellen.jpg 800w, https:\/\/www.kwikgrass.nu\/wp-content\/uploads\/2019\/02\/kunstgras-speeltoestellen-300x173.jpg 300w, https:\/\/www.kwikgrass.nu\/wp-content\/uploads\/2019\/02\/kunstgras-speeltoestellen-768x443.jpg 768w\" sizes=\"auto, (max-width: 800px) 100vw, 800px\" \/>\t\t\t\t\t\t\n\t\t\t\t\t<\/div>\n\t\t\t\t\t\t\t\t\n<style>\n#image_449076313 {\n  width: 100%;\n}\n<\/style>\n\t<\/div>\n\t\n\t\t<\/div>\n\t\t\t<\/div>\n\n\t\n<\/div>\n<div class=\"row row-large align-middle\"  id=\"row-776095980\">\n\n\t<div id=\"col-1823349858\" class=\"col medium-6 small-12 large-6\"  >\n\t\t<div class=\"col-inner\"  >\n\t\t\t\n\t\t\t\n\t<div class=\"img has-hover x md-x lg-x y md-y lg-y\" id=\"image_1904960503\">\n\t\t\t\t\t\t\t\t<div class=\"img-inner dark\" >\n\t\t\t<img loading=\"lazy\" decoding=\"async\" width=\"316\" height=\"317\" src=\"https:\/\/www.kwikgrass.nu\/wp-content\/uploads\/2020\/10\/Kwikfloor15.png\" class=\"attachment-large size-large\" alt=\"Klimmen en klauteren in een speeltuin voorzien van rubber tegels voor de valmdemping\" srcset=\"https:\/\/www.kwikgrass.nu\/wp-content\/uploads\/2020\/10\/Kwikfloor15.png 316w, https:\/\/www.kwikgrass.nu\/wp-content\/uploads\/2020\/10\/Kwikfloor15-300x300.png 300w, https:\/\/www.kwikgrass.nu\/wp-content\/uploads\/2020\/10\/Kwikfloor15-150x150.png 150w, https:\/\/www.kwikgrass.nu\/wp-content\/uploads\/2020\/10\/Kwikfloor15-12x12.png 12w\" sizes=\"auto, (max-width: 316px) 100vw, 316px\" \/>\t\t\t\t\t\t\n\t\t\t\t\t<\/div>\n\t\t\t\t\t\t\t\t\n<style>\n#image_1904960503 {\n  width: 75%;\n}\n<\/style>\n\t<\/div>\n\t\n\t\t<\/div>\n\t\t\t<\/div>\n\n\t\n\n\t<div id=\"col-1010466307\" class=\"col medium-6 small-12 large-6\"  >\n\t\t<div class=\"col-inner text-left\"  >\n\t\t\t\n\t\t\t\n<h2>Eigenschaften Fallschutzplatten<\/h2>\n<ul>\n<li>Keine Dehnung und\/oder Schrumpfung<\/li>\n<li>Unverw\u00fcstlich und Langlebig, keine Br\u00fcche<\/li>\n<li>Umweltfreundliche Materialien<\/li>\n<li>Recyclebares Produkt, jetzt und zuk\u00fcnftig<\/li>\n<li>100% wasserdurchl\u00e4ssig, 60 Liter pro m2 \/Stunde<\/li>\n<li>Fallschutzmatten behalten ihre Eigenschaften unter allen Wetterbedingungen<\/li>\n<li>Zertifiziert nach der Europ\u00e4ischen Norm EN: 1177 mit einer Fallh\u00f6he bis zu 3,00 m<\/li>\n<\/ul>\n<p>\u00a0<\/p>\n\t\t<\/div>\n\t\t\t<\/div>\n\n\t\n<\/div>\n<div class=\"row row-large align-middle\"  id=\"row-1904791906\">\n\n\t<div id=\"col-960783741\" class=\"col medium-6 small-12 large-6\"  >\n\t\t<div class=\"col-inner text-left\"  >\n\t\t\t\n\t\t\t\n<h3>Typen der Fallschutzplatten<\/h3>\n<div>\n<ul>\n<li><strong>KwikRub<\/strong><br \/>Die KwikRub-Fallschutzplatte ist aus geschlossenzelligem Gummi gefertigt. Diese Unterlage nimmt kein Wasser auf und st\u00f6\u00dft es direkt an der Oberfl\u00e4che ab.<\/li>\n<li><strong>KwikFoam<\/strong><br \/>Die KwikFoam- Fallschutzplatte wird aus Komposit-Schaum hergestellt. Diese Fallschutzplatte nimmt das Doppelte ihres Gewichts an Wasser auf und leitet es dann zum Boden ab, wobei sie als Puffer wirkt. Die Platten sind auch sehr gut geeignet f\u00fcr die Kombination mit Kunstrasen auf Dachterrassen.<\/li>\n<li><strong>KwikMulti<\/strong><br \/>Die KwikMulti-Fallschutzmatte besteht aus 70% Latex und 30% geschlossenzelligem Gummi. Auch diese Fallplatte nimmt kein Wasser auf und leitet es direkt an den Boden ab. Durch die Verwendung von Latex ist die Schutzplatte im Vergleich zum KwikRub homogener.<\/li>\n<\/ul>\n<h3>Spezifikationen Fallplatten<\/h3>\n<p>Erh\u00e4ltlich in: 15mm, 25mm und 33mm<br \/>Abmessungen: 2,00m x 1,00m<\/p>\n<\/div>\n<h3>Einsatzgebiete<\/h3>\n<p>Kunstrasen-Dachterrassen, Kunstrasen-Landepl\u00e4tze, Kunstrasen-Fu\u00dfballpl\u00e4tze, Kunstrasen- Hockeypl\u00e4tze, Kunstrasen-Multifunktionsspielfelder, Kunstrasen-Fallschutz, Sicherheitsrasen???, zertifizierte Fallschutz, Gummigussb\u00f6den, Kunstrasen unter Spielger\u00e4ten.<\/p>\n\t\t<\/div>\n\t\t\t<\/div>\n\n\t\n\n\t<div id=\"col-1278118991\" class=\"col medium-6 small-12 large-6\"  >\n\t\t<div class=\"col-inner\"  >\n\t\t\t\n\t\t\t\n\t<div class=\"img has-hover x md-x lg-x y md-y lg-y\" id=\"image_90142352\">\n\t\t\t\t\t\t\t\t<div class=\"img-inner dark\" >\n\t\t\t<img loading=\"lazy\" decoding=\"async\" width=\"1020\" height=\"765\" src=\"https:\/\/www.kwikgrass.nu\/wp-content\/uploads\/2020\/10\/P4070076-1024x768.jpg\" class=\"attachment-large size-large\" alt=\"\" srcset=\"https:\/\/www.kwikgrass.nu\/wp-content\/uploads\/2020\/10\/P4070076-1024x768.jpg 1024w, https:\/\/www.kwikgrass.nu\/wp-content\/uploads\/2020\/10\/P4070076-300x225.jpg 300w, https:\/\/www.kwikgrass.nu\/wp-content\/uploads\/2020\/10\/P4070076-768x576.jpg 768w, https:\/\/www.kwikgrass.nu\/wp-content\/uploads\/2020\/10\/P4070076-1536x1152.jpg 1536w, https:\/\/www.kwikgrass.nu\/wp-content\/uploads\/2020\/10\/P4070076-16x12.jpg 16w, https:\/\/www.kwikgrass.nu\/wp-content\/uploads\/2020\/10\/P4070076.jpg 2048w\" sizes=\"auto, (max-width: 1020px) 100vw, 1020px\" \/>\t\t\t\t\t\t\n\t\t\t\t\t<\/div>\n\t\t\t\t\t\t\t\t\n<style>\n#image_90142352 {\n  width: 100%;\n}\n<\/style>\n\t<\/div>\n\t\n\t<div class=\"img has-hover x md-x lg-x y md-y lg-y\" id=\"image_1186027807\">\n\t\t\t\t\t\t\t\t<div class=\"img-inner dark\" >\n\t\t\t<img loading=\"lazy\" decoding=\"async\" width=\"1020\" height=\"765\" src=\"https:\/\/www.kwikgrass.nu\/wp-content\/uploads\/2020\/10\/Pics-017-1024x768.jpg\" class=\"attachment-large size-large\" alt=\"\" srcset=\"https:\/\/www.kwikgrass.nu\/wp-content\/uploads\/2020\/10\/Pics-017-1024x768.jpg 1024w, https:\/\/www.kwikgrass.nu\/wp-content\/uploads\/2020\/10\/Pics-017-300x225.jpg 300w, https:\/\/www.kwikgrass.nu\/wp-content\/uploads\/2020\/10\/Pics-017-768x576.jpg 768w, https:\/\/www.kwikgrass.nu\/wp-content\/uploads\/2020\/10\/Pics-017-1536x1152.jpg 1536w, https:\/\/www.kwikgrass.nu\/wp-content\/uploads\/2020\/10\/Pics-017-16x12.jpg 16w, https:\/\/www.kwikgrass.nu\/wp-content\/uploads\/2020\/10\/Pics-017.jpg 2048w\" sizes=\"auto, (max-width: 1020px) 100vw, 1020px\" \/>\t\t\t\t\t\t\n\t\t\t\t\t<\/div>\n\t\t\t\t\t\t\t\t\n<style>\n#image_1186027807 {\n  width: 100%;\n}\n<\/style>\n\t<\/div>\n\t\n\t\t<\/div>\n\t\t\t<\/div>\n\n\t\n<\/div>\n\t\t<\/div>\n\n\t\t\n<style>\n#section_1625853212 {\n  padding-top: 60px;\n  padding-bottom: 60px;\n}\n<\/style>\n\t<\/section>","protected":false},"excerpt":{"rendered":"","protected":false},"author":1,"featured_media":0,"parent":0,"menu_order":0,"comment_status":"closed","ping_status":"closed","template":"page-blank.php","meta":{"footnotes":""},"class_list":["post-1062","page","type-page","status-publish","hentry"],"yoast_head":"<!-- This site is optimized with the Yoast SEO plugin v27.2 - https:\/\/yoast.com\/product\/yoast-seo-wordpress\/ -->\n<title>Valdemping - KwikGrass<\/title>\n<meta name=\"robots\" content=\"index, follow, max-snippet:-1, max-image-preview:large, max-video-preview:-1\" \/>\n<link rel=\"canonical\" href=\"https:\/\/www.kwikgrass.nu\/de\/valdemping\/\" \/>\n<meta property=\"og:locale\" content=\"de_DE\" \/>\n<meta property=\"og:type\" content=\"article\" \/>\n<meta property=\"og:title\" content=\"Valdemping - KwikGrass\" \/>\n<meta property=\"og:url\" content=\"https:\/\/www.kwikgrass.nu\/de\/valdemping\/\" \/>\n<meta property=\"og:site_name\" content=\"KwikGrass\" \/>\n<meta property=\"article:modified_time\" content=\"2020-10-29T09:56:29+00:00\" \/>\n<meta name=\"twitter:card\" content=\"summary_large_image\" \/>\n<meta name=\"twitter:label1\" content=\"Gesch\u00e4tzte Lesezeit\" \/>\n\t<meta name=\"twitter:data1\" content=\"2\u00a0Minuten\" \/>\n<script type=\"application\/ld+json\" class=\"yoast-schema-graph\">{\"@context\":\"https:\/\/schema.org\",\"@graph\":[{\"@type\":\"WebPage\",\"@id\":\"https:\/\/www.kwikgrass.nu\/valdemping\/\",\"url\":\"https:\/\/www.kwikgrass.nu\/valdemping\/\",\"name\":\"Valdemping - KwikGrass\",\"isPartOf\":{\"@id\":\"https:\/\/www.kwikgrass.nu\/#website\"},\"datePublished\":\"2019-02-19T15:51:30+00:00\",\"dateModified\":\"2020-10-29T09:56:29+00:00\",\"breadcrumb\":{\"@id\":\"https:\/\/www.kwikgrass.nu\/valdemping\/#breadcrumb\"},\"inLanguage\":\"de\",\"potentialAction\":[{\"@type\":\"ReadAction\",\"target\":[\"https:\/\/www.kwikgrass.nu\/valdemping\/\"]}]},{\"@type\":\"BreadcrumbList\",\"@id\":\"https:\/\/www.kwikgrass.nu\/valdemping\/#breadcrumb\",\"itemListElement\":[{\"@type\":\"ListItem\",\"position\":1,\"name\":\"Home\",\"item\":\"https:\/\/www.kwikgrass.nu\/\"},{\"@type\":\"ListItem\",\"position\":2,\"name\":\"Valdemping\"}]},{\"@type\":\"WebSite\",\"@id\":\"https:\/\/www.kwikgrass.nu\/#website\",\"url\":\"https:\/\/www.kwikgrass.nu\/\",\"name\":\"KwikGrass\",\"description\":\"\",\"potentialAction\":[{\"@type\":\"SearchAction\",\"target\":{\"@type\":\"EntryPoint\",\"urlTemplate\":\"https:\/\/www.kwikgrass.nu\/?s={search_term_string}\"},\"query-input\":{\"@type\":\"PropertyValueSpecification\",\"valueRequired\":true,\"valueName\":\"search_term_string\"}}],\"inLanguage\":\"de\"}]}<\/script>\n<!-- \/ Yoast SEO plugin. -->","yoast_head_json":{"title":"Valdemping - KwikGrass","robots":{"index":"index","follow":"follow","max-snippet":"max-snippet:-1","max-image-preview":"max-image-preview:large","max-video-preview":"max-video-preview:-1"},"canonical":"https:\/\/www.kwikgrass.nu\/de\/valdemping\/","og_locale":"de_DE","og_type":"article","og_title":"Valdemping - KwikGrass","og_url":"https:\/\/www.kwikgrass.nu\/de\/valdemping\/","og_site_name":"KwikGrass","article_modified_time":"2020-10-29T09:56:29+00:00","twitter_card":"summary_large_image","twitter_misc":{"Gesch\u00e4tzte Lesezeit":"2\u00a0Minuten"},"schema":{"@context":"https:\/\/schema.org","@graph":[{"@type":"WebPage","@id":"https:\/\/www.kwikgrass.nu\/valdemping\/","url":"https:\/\/www.kwikgrass.nu\/valdemping\/","name":"Valdemping - KwikGrass","isPartOf":{"@id":"https:\/\/www.kwikgrass.nu\/#website"},"datePublished":"2019-02-19T15:51:30+00:00","dateModified":"2020-10-29T09:56:29+00:00","breadcrumb":{"@id":"https:\/\/www.kwikgrass.nu\/valdemping\/#breadcrumb"},"inLanguage":"de","potentialAction":[{"@type":"ReadAction","target":["https:\/\/www.kwikgrass.nu\/valdemping\/"]}]},{"@type":"BreadcrumbList","@id":"https:\/\/www.kwikgrass.nu\/valdemping\/#breadcrumb","itemListElement":[{"@type":"ListItem","position":1,"name":"Home","item":"https:\/\/www.kwikgrass.nu\/"},{"@type":"ListItem","position":2,"name":"Valdemping"}]},{"@type":"WebSite","@id":"https:\/\/www.kwikgrass.nu\/#website","url":"https:\/\/www.kwikgrass.nu\/","name":"KwikGrass","description":"","potentialAction":[{"@type":"SearchAction","target":{"@type":"EntryPoint","urlTemplate":"https:\/\/www.kwikgrass.nu\/?s={search_term_string}"},"query-input":{"@type":"PropertyValueSpecification","valueRequired":true,"valueName":"search_term_string"}}],"inLanguage":"de"}]}},"_links":{"self":[{"href":"https:\/\/www.kwikgrass.nu\/de\/wp-json\/wp\/v2\/pages\/1062","targetHints":{"allow":["GET"]}}],"collection":[{"href":"https:\/\/www.kwikgrass.nu\/de\/wp-json\/wp\/v2\/pages"}],"about":[{"href":"https:\/\/www.kwikgrass.nu\/de\/wp-json\/wp\/v2\/types\/page"}],"author":[{"embeddable":true,"href":"https:\/\/www.kwikgrass.nu\/de\/wp-json\/wp\/v2\/users\/1"}],"replies":[{"embeddable":true,"href":"https:\/\/www.kwikgrass.nu\/de\/wp-json\/wp\/v2\/comments?post=1062"}],"version-history":[{"count":8,"href":"https:\/\/www.kwikgrass.nu\/de\/wp-json\/wp\/v2\/pages\/1062\/revisions"}],"predecessor-version":[{"id":1634,"href":"https:\/\/www.kwikgrass.nu\/de\/wp-json\/wp\/v2\/pages\/1062\/revisions\/1634"}],"wp:attachment":[{"href":"https:\/\/www.kwikgrass.nu\/de\/wp-json\/wp\/v2\/media?parent=1062"}],"curies":[{"name":"wp","href":"https:\/\/api.w.org\/{rel}","templated":true}]}}