{"id":1208,"date":"2020-09-29T11:08:38","date_gmt":"2020-09-29T09:08:38","guid":{"rendered":"https:\/\/www.kwikgrass.nu\/?page_id=1208"},"modified":"2020-10-29T12:48:18","modified_gmt":"2020-10-29T11:48:18","slug":"installatie-en-onderhoud","status":"publish","type":"page","link":"https:\/\/www.kwikgrass.nu\/de\/installatie-en-onderhoud\/","title":{"rendered":"Anlage &amp; Pflege"},"content":{"rendered":"<div id=\"page-header-1813174870\" class=\"page-header-wrapper\">\n  <div class=\"page-title dark featured-title\">\n\n        <div class=\"page-title-bg\">\n      <div class=\"title-bg fill bg-fill\"\n        data-parallax-container=\".page-title\"\n        data-parallax-background\n data-parallax=\"-\">\n      <\/div>\n      <div class=\"title-overlay fill\"><\/div>\n    <\/div>\n    \n    <div class=\"page-title-inner container align-center flex-row medium-flex-wrap\" >\n              <div class=\"title-wrapper flex-col text-left medium-text-center\">\n          <h1 class=\"entry-title mb-0\">\n            Anlage &amp; Pflege          <\/h1>\n        <\/div>\n                    <div class=\"title-content flex-col flex-right text-right medium-text-center\">\n        <div class=\"title-breadcrumbs pb-half pt-half\"><\/div>      <\/div>\n    <\/div>\n\n     \n<style>\n#page-header-1813174870 .page-title-inner {\n  min-height: 300px;\n}\n#page-header-1813174870 .title-bg {\n  background-image: url(https:\/\/www.kwikgrass.nu\/wp-content\/uploads\/2019\/02\/hero-slider-two.jpg);\n}\n<\/style>\n  <\/div>\n    <\/div>\n  \n\t<section class=\"section\" id=\"section_2082892040\">\n\t\t<div class=\"bg section-bg fill bg-fill  bg-loaded\" >\n\n\t\t\t\n\t\t\t\n\t\t\t\n\n\t\t<\/div>\n\n\t\t<div class=\"section-content relative\">\n\t\t\t\n<div class=\"row align-center\"  id=\"row-1414433207\">\n\n\t<div id=\"col-749992587\" class=\"col medium-6 small-12 large-6\"  >\n\t\t<div class=\"col-inner text-center\"  >\n\t\t\t\n\t\t\t\n<p style=\"text-align: left;\">\u00a0<\/p>\n<h2 class=\"uppercase\" style=\"text-align: left;\">Anlage<\/h2>\n<div style=\"text-align: left;\">Gern unterst\u00fctzen wir unsere Kunden dabei, ihren Kunstrasen richtig zu verlegen. Dazu haben wir u.a. einen 9-Schritte-Plan erstellt,  mit dem problemlos verlegt werden kann. Bei gr\u00f6\u00dferen Fl\u00e4chen (&gt;500m\u00b2) ist es empfehlenswert, sich vorab mit uns in Verbindung zu setzen. Selbstverst\u00e4ndlich k\u00f6nnen auch unsere Spezialisten den Kunstrasen f\u00fcr Sie verlegen.<\/div>\n\t\t<\/div>\n\t\t\t<\/div>\n\n\t\n\n\t<div id=\"col-1052930654\" class=\"col medium-6 small-12 large-6\"  >\n\t\t<div class=\"col-inner text-center\"  >\n\t\t\t\n\t\t\t\n<p style=\"text-align: left;\">\u00a0<\/p>\n<h2 class=\"uppercase\" style=\"text-align: left;\">Pflege<\/h2>\n<div style=\"text-align: left;\">Eine regelm\u00e4\u00dfige Pflege des Kunstrasens sorgt f\u00fcr eine l\u00e4ngere Lebensdauer. Der Wind bl\u00e4st Sand und Samen ins Gras. Wir empfehlen Ihnen daher, den Rasen alle 6 Wochen mit einem harten Besen zu b\u00fcrsten, damit Unkraut keine Chance hat, sich im Kunstrasen auszubreiten. Das Abb\u00fcrsten des Rasens sorgt auch daf\u00fcr, dass sich die Grashalme wieder aufrichten und der Quarzsand, der bei der Verlegung eingebracht wurde, gut verteilt bleibt.<\/div>\n\t\t<\/div>\n\t\t\t<\/div>\n\n\t\n<\/div>\n\t\t<\/div>\n\n\t\t\n<style>\n#section_2082892040 {\n  padding-top: 60px;\n  padding-bottom: 60px;\n  min-height: 300px;\n  background-color: rgb(245, 245, 245);\n}\n<\/style>\n\t<\/section>\n\t\n\t<section class=\"section dark\" id=\"section_420359565\">\n\t\t<div class=\"bg section-bg fill bg-fill  bg-loaded\" >\n\n\t\t\t\n\t\t\t\n\t\t\t\n\n\t\t<\/div>\n\n\t\t<div class=\"section-content relative\">\n\t\t\t\n<div class=\"row\"  id=\"row-695664326\">\n\n\t<div id=\"col-127289607\" class=\"col small-12 large-12\"  >\n\t\t<div class=\"col-inner\"  >\n\t\t\t\n\t\t\t\n<div class=\"row align-center\"  id=\"row-954860054\">\n\n\t<div id=\"col-224134344\" class=\"col medium-11 small-10 large-11\"  >\n\t\t<div class=\"col-inner text-center\"  >\n\t\t\t\n\t\t\t\n<div class=\"container section-title-container\" style=\"margin-bottom:0px;max-width:80%;\"><h1 class=\"section-title section-title-center\"><b><\/b><span class=\"section-title-main\" style=\"font-size:60%;\">Kunstrasen Verlegeanleitung<\/span><b><\/b><\/h1><\/div>\n<h1>In 9 einfachen Schritten<\/h1>\n\t<div id=\"gap-1732888278\" class=\"gap-element clearfix\" style=\"display:block; height:auto;\">\n\t\t\n<style>\n#gap-1732888278 {\n  padding-top: 40px;\n}\n<\/style>\n\t<\/div>\n\t\n<div class=\"row\"  id=\"row-468808621\">\n\n\t<div id=\"col-569404785\" class=\"col medium-4 small-12 large-4\"  >\n\t\t<div class=\"col-inner\"  >\n\t\t\t\n\t\t\t\n\t<div class=\"img has-hover x md-x lg-x y md-y lg-y\" id=\"image_309210435\">\n\t\t\t\t\t\t\t\t<div class=\"img-inner image-cover dark\" style=\"padding-top:75%;\">\n\t\t\t<img loading=\"lazy\" decoding=\"async\" width=\"300\" height=\"225\" src=\"https:\/\/www.kwikgrass.nu\/wp-content\/uploads\/2020\/10\/image035-300x225.jpg\" class=\"attachment-medium size-medium\" alt=\"Leginstructie stap 1: inmeten van het met kunstgras te leggen stuk tuin\" srcset=\"https:\/\/www.kwikgrass.nu\/wp-content\/uploads\/2020\/10\/image035-300x225.jpg 300w, https:\/\/www.kwikgrass.nu\/wp-content\/uploads\/2020\/10\/image035-16x12.jpg 16w, https:\/\/www.kwikgrass.nu\/wp-content\/uploads\/2020\/10\/image035.jpg 581w\" sizes=\"auto, (max-width: 300px) 100vw, 300px\" \/>\t\t\t\t\t\t\n\t\t\t\t\t<\/div>\n\t\t\t\t\t\t\t\t\n<style>\n#image_309210435 {\n  width: 100%;\n}\n<\/style>\n\t<\/div>\n\t\n<h6 style=\"font-size: 300%;\">1<\/h6>\n<p>Vor der Verlegung des Kunstrasens  ist es wichtig, die genauen Ma\u00dfe festzulegen, damit es nicht zu viele Nahtstellen entstehen.<br \/>Je weniger Nahtstellen, destso  naturgetreuer wirkt die Fl\u00e4che.<\/p>\n\t\t<\/div>\n\t\t\t<\/div>\n\n\t\n\n\t<div id=\"col-1204356450\" class=\"col medium-4 small-12 large-4\"  >\n\t\t<div class=\"col-inner\"  >\n\t\t\t\n\t\t\t\n\t<div class=\"img has-hover x md-x lg-x y md-y lg-y\" id=\"image_1170129427\">\n\t\t\t\t\t\t\t\t<div class=\"img-inner image-cover dark\" style=\"padding-top:75%;\">\n\t\t\t<img loading=\"lazy\" decoding=\"async\" width=\"300\" height=\"197\" src=\"https:\/\/www.kwikgrass.nu\/wp-content\/uploads\/2020\/10\/image010-300x197.jpg\" class=\"attachment-medium size-medium\" alt=\"leginstructie stap 2: zorg voor een stabiele ondergrond\" srcset=\"https:\/\/www.kwikgrass.nu\/wp-content\/uploads\/2020\/10\/image010-300x197.jpg 300w, https:\/\/www.kwikgrass.nu\/wp-content\/uploads\/2020\/10\/image010-16x12.jpg 16w, https:\/\/www.kwikgrass.nu\/wp-content\/uploads\/2020\/10\/image010.jpg 576w\" sizes=\"auto, (max-width: 300px) 100vw, 300px\" \/>\t\t\t\t\t\t\n\t\t\t\t\t<\/div>\n\t\t\t\t\t\t\t\t\n<style>\n#image_1170129427 {\n  width: 100%;\n}\n<\/style>\n\t<\/div>\n\t\n<h6 style=\"font-size: 300%;\">2<\/h6>\n<p>KwikGrass sollte  nur auf einem festen, gut wasserdurchl\u00e4ssigen Untergrund verlegt werden. Heben Sie eine 10 cm tiefe Schicht aus und f\u00fcllen anschlie\u00dfend einen hochdurchl\u00e4ssigen Boden (z. B. Sand) auf. Wenn der Boden in Ihrer Region nicht ausreichend durchl\u00e4ssig ist, entfernen Sie etwa 25 cm Erde.  Danach verdichten Sie den Sand mit einem R\u00fcttelger\u00e4t und gleichen  den Sand zu einer ebenen Fl\u00e4che aus.<\/p>\n\t\t<\/div>\n\t\t\t<\/div>\n\n\t\n\n\t<div id=\"col-750848411\" class=\"col medium-4 small-12 large-4\"  >\n\t\t<div class=\"col-inner\"  >\n\t\t\t\n\t\t\t\n\t<div class=\"img has-hover x md-x lg-x y md-y lg-y\" id=\"image_1935799274\">\n\t\t\t\t\t\t\t\t<div class=\"img-inner image-cover dark\" style=\"padding-top:75%;\">\n\t\t\t<img loading=\"lazy\" decoding=\"async\" width=\"300\" height=\"199\" src=\"https:\/\/www.kwikgrass.nu\/wp-content\/uploads\/2020\/10\/image014-300x199.jpg\" class=\"attachment-medium size-medium\" alt=\"Leginstructie stap : geotextiel als onderlaag aanbrengen\" srcset=\"https:\/\/www.kwikgrass.nu\/wp-content\/uploads\/2020\/10\/image014-300x199.jpg 300w, https:\/\/www.kwikgrass.nu\/wp-content\/uploads\/2020\/10\/image014-16x12.jpg 16w, https:\/\/www.kwikgrass.nu\/wp-content\/uploads\/2020\/10\/image014.jpg 564w\" sizes=\"auto, (max-width: 300px) 100vw, 300px\" \/>\t\t\t\t\t\t\n\t\t\t\t\t<\/div>\n\t\t\t\t\t\t\t\t\n<style>\n#image_1935799274 {\n  width: 100%;\n}\n<\/style>\n\t<\/div>\n\t\n<h6 style=\"font-size: 300%;\">3<\/h6>\n<p>KwikGrass sollte  nur auf einem festen, gut wasserdurchl\u00e4ssigen Untergrund verlegt werden. Heben Sie eine 10 cm tiefe Schicht aus und f\u00fcllen anschlie\u00dfend einen hochdurchl\u00e4ssigen Boden (z. B. Sand) auf. Wenn der Boden in Ihrer Region nicht ausreichend durchl\u00e4ssig ist, entfernen Sie etwa 25 cm Erde.  Danach verdichten Sie den Sand mit einem R\u00fcttelger\u00e4t und gleichen  den Sand zu einer ebenen Fl\u00e4che aus.<\/p>\n\t\t<\/div>\n\t\t\t<\/div>\n\n\t\n<\/div>\n<div class=\"row\"  id=\"row-331951018\">\n\n\t<div id=\"col-672435475\" class=\"col medium-4 small-12 large-4\"  >\n\t\t<div class=\"col-inner\"  >\n\t\t\t\n\t\t\t\n\t<div class=\"img has-hover x md-x lg-x y md-y lg-y\" id=\"image_2144301683\">\n\t\t\t\t\t\t\t\t<div class=\"img-inner image-cover dark\" style=\"padding-top:75%;\">\n\t\t\t<img loading=\"lazy\" decoding=\"async\" width=\"300\" height=\"179\" src=\"https:\/\/www.kwikgrass.nu\/wp-content\/uploads\/2020\/10\/image018-300x179.jpg\" class=\"attachment-medium size-medium\" alt=\"Leginstructie stap 4: uitrollen van het kunstgras op de ondergrond\" srcset=\"https:\/\/www.kwikgrass.nu\/wp-content\/uploads\/2020\/10\/image018-300x179.jpg 300w, https:\/\/www.kwikgrass.nu\/wp-content\/uploads\/2020\/10\/image018-16x10.jpg 16w, https:\/\/www.kwikgrass.nu\/wp-content\/uploads\/2020\/10\/image018.jpg 564w\" sizes=\"auto, (max-width: 300px) 100vw, 300px\" \/>\t\t\t\t\t\t\n\t\t\t\t\t<\/div>\n\t\t\t\t\t\t\t\t\n<style>\n#image_2144301683 {\n  width: 100%;\n}\n<\/style>\n\t<\/div>\n\t\n<h6 style=\"font-size: 300%;\">4<\/h6>\n<p>Auf der vorbereiteten Fl\u00e4che wird der Kunstrasen ausgerollt.. Lassen Sie den Rasen mindestens eine Stunde lang ruhen, damit das Gras wieder seine urspr\u00fcngliche Form annimmt. Achten Sie beim Ausrollen  darauf, dass die Grasfaser immer  in die gleiche Richtung geneigt ist.<\/p>\n\t\t<\/div>\n\t\t\t<\/div>\n\n\t\n\n\t<div id=\"col-734196602\" class=\"col medium-4 small-12 large-4\"  >\n\t\t<div class=\"col-inner\"  >\n\t\t\t\n\t\t\t\n\t<div class=\"img has-hover x md-x lg-x y md-y lg-y\" id=\"image_2072470722\">\n\t\t\t\t\t\t\t\t<div class=\"img-inner image-cover dark\" style=\"padding-top:75%;\">\n\t\t\t<img loading=\"lazy\" decoding=\"async\" width=\"300\" height=\"219\" src=\"https:\/\/www.kwikgrass.nu\/wp-content\/uploads\/2020\/10\/image024-300x219.jpg\" class=\"attachment-medium size-medium\" alt=\"Leginstructie stap 5: de randen van het kunstgras vanaf de onderzijde afsnijden\" srcset=\"https:\/\/www.kwikgrass.nu\/wp-content\/uploads\/2020\/10\/image024-300x219.jpg 300w, https:\/\/www.kwikgrass.nu\/wp-content\/uploads\/2020\/10\/image024-16x12.jpg 16w, https:\/\/www.kwikgrass.nu\/wp-content\/uploads\/2020\/10\/image024.jpg 576w\" sizes=\"auto, (max-width: 300px) 100vw, 300px\" \/>\t\t\t\t\t\t\n\t\t\t\t\t<\/div>\n\t\t\t\t\t\t\t\t\n<style>\n#image_2072470722 {\n  width: 100%;\n}\n<\/style>\n\t<\/div>\n\t\n<h6 style=\"font-size: 300%;\">5<\/h6>\n<p>Bei der Verlegung von mehreren Bahnen KwikGrassnebeneinander, sind von den zu verklebenden Bahnen an beiden Seiten ca. 1 cm breit die Rasenkanten zu entfernen mit einem normalen Teppichmesser). Schneiden Sie die Bahen von der R\u00fcckseite aus, damit sie nachher genau zusammengef\u00fcgt werden k\u00f6nnen.<\/p>\n\t\t<\/div>\n\t\t\t<\/div>\n\n\t\n\n\t<div id=\"col-813580696\" class=\"col medium-4 small-12 large-4\"  >\n\t\t<div class=\"col-inner\"  >\n\t\t\t\n\t\t\t\n\t<div class=\"img has-hover x md-x lg-x y md-y lg-y\" id=\"image_41419716\">\n\t\t\t\t\t\t\t\t<div class=\"img-inner image-cover dark\" style=\"padding-top:75%;\">\n\t\t\t<img loading=\"lazy\" decoding=\"async\" width=\"300\" height=\"225\" src=\"https:\/\/www.kwikgrass.nu\/wp-content\/uploads\/2020\/10\/image036-300x225.jpg\" class=\"attachment-medium size-medium\" alt=\"Leginstructie stap 6: Randen van het kunstgras terugslaan en lijm aanbrengen\" srcset=\"https:\/\/www.kwikgrass.nu\/wp-content\/uploads\/2020\/10\/image036-300x225.jpg 300w, https:\/\/www.kwikgrass.nu\/wp-content\/uploads\/2020\/10\/image036-1024x768.jpg 1024w, https:\/\/www.kwikgrass.nu\/wp-content\/uploads\/2020\/10\/image036-768x576.jpg 768w, https:\/\/www.kwikgrass.nu\/wp-content\/uploads\/2020\/10\/image036-1536x1152.jpg 1536w, https:\/\/www.kwikgrass.nu\/wp-content\/uploads\/2020\/10\/image036-16x12.jpg 16w, https:\/\/www.kwikgrass.nu\/wp-content\/uploads\/2020\/10\/image036.jpg 1600w\" sizes=\"auto, (max-width: 300px) 100vw, 300px\" \/>\t\t\t\t\t\t\n\t\t\t\t\t<\/div>\n\t\t\t\t\t\t\t\t\n<style>\n#image_41419716 {\n  width: 100%;\n}\n<\/style>\n\t<\/div>\n\t\n<h6 style=\"font-size: 300%;\">6<\/h6>\n<p>Klappen Sie beide Bahnen zur\u00fcck, rollen Sie das Nahtband darunter aus und verteilen dann den PU-Kleber mit einem Zahnspachtel (Nr. 5) auf dem Band. Beachten Sie, dass die Unterseite des Rasens beim Verkleben trocken sein muss.<\/p>\n\t\t<\/div>\n\t\t\t<\/div>\n\n\t\n<\/div>\n<div class=\"row\"  id=\"row-1438971542\">\n\n\t<div id=\"col-118067937\" class=\"col medium-4 small-12 large-4\"  >\n\t\t<div class=\"col-inner\"  >\n\t\t\t\n\t\t\t\n\t<div class=\"img has-hover x md-x lg-x y md-y lg-y\" id=\"image_456175178\">\n\t\t\t\t\t\t\t\t<div class=\"img-inner image-cover dark\" style=\"padding-top:75%;\">\n\t\t\t<img loading=\"lazy\" decoding=\"async\" width=\"300\" height=\"225\" src=\"https:\/\/www.kwikgrass.nu\/wp-content\/uploads\/2020\/10\/7-300x225.jpg\" class=\"attachment-medium size-medium\" alt=\"Leginstructie stap 7: aansluiten van 2 banen kunstgras op elkaar\" srcset=\"https:\/\/www.kwikgrass.nu\/wp-content\/uploads\/2020\/10\/7-300x225.jpg 300w, https:\/\/www.kwikgrass.nu\/wp-content\/uploads\/2020\/10\/7-16x12.jpg 16w, https:\/\/www.kwikgrass.nu\/wp-content\/uploads\/2020\/10\/7.jpg 523w\" sizes=\"auto, (max-width: 300px) 100vw, 300px\" \/>\t\t\t\t\t\t\n\t\t\t\t\t<\/div>\n\t\t\t\t\t\t\t\t\n<style>\n#image_456175178 {\n  width: 100%;\n}\n<\/style>\n\t<\/div>\n\t\n<h6 style=\"font-size: 300%;\">7<\/h6>\n<p>Dr\u00fccken Sie beide Bahnen gleichzeitig auf das Nahtband und verbinden  dann die beiden Seiten wie einen Rei\u00dfverschluss. Achten Sie darauf, dass keine Halme zwischen die Verbindung kommen.<\/p>\n\t\t<\/div>\n\t\t\t<\/div>\n\n\t\n\n\t<div id=\"col-1018745583\" class=\"col medium-4 small-12 large-4\"  >\n\t\t<div class=\"col-inner\"  >\n\t\t\t\n\t\t\t\n\t<div class=\"img has-hover x md-x lg-x y md-y lg-y\" id=\"image_55756445\">\n\t\t\t\t\t\t\t\t<div class=\"img-inner image-cover dark\" style=\"padding-top:75%;\">\n\t\t\t<img loading=\"lazy\" decoding=\"async\" width=\"300\" height=\"225\" src=\"https:\/\/www.kwikgrass.nu\/wp-content\/uploads\/2020\/10\/8-300x225.jpg\" class=\"attachment-medium size-medium\" alt=\"Leginstructie stap 8: instrooien van het kunstgras met quartszand\" srcset=\"https:\/\/www.kwikgrass.nu\/wp-content\/uploads\/2020\/10\/8-300x225.jpg 300w, https:\/\/www.kwikgrass.nu\/wp-content\/uploads\/2020\/10\/8-16x12.jpg 16w, https:\/\/www.kwikgrass.nu\/wp-content\/uploads\/2020\/10\/8.jpg 649w\" sizes=\"auto, (max-width: 300px) 100vw, 300px\" \/>\t\t\t\t\t\t\n\t\t\t\t\t<\/div>\n\t\t\t\t\t\t\t\t\n<style>\n#image_55756445 {\n  width: 100%;\n}\n<\/style>\n\t<\/div>\n\t\n<h6 style=\"font-size: 300%;\">8<\/h6>\n<p>Streuen Sie Quarzsand in der entsprechenden Menge (je nach l\u00e4nge der Halme) in den Rasen ein. Der Sand wird mit einem harten Besen eingefegt, damit sich die Halme des Rasens weiter aufrichten . Der Quarzsand gibt dem Rasen Stabilit\u00e4t, st\u00fctzt die Halme und erh\u00f6ht die Lebensdauer. Au\u00dferdem nimmt er an hei\u00dfen Tagen W\u00e4rme auf.<\/p>\n\t\t<\/div>\n\t\t\t<\/div>\n\n\t\n\n\t<div id=\"col-1175420543\" class=\"col medium-4 small-12 large-4\"  >\n\t\t<div class=\"col-inner\"  >\n\t\t\t\n\t\t\t\n\t<div class=\"img has-hover x md-x lg-x y md-y lg-y\" id=\"image_1950889901\">\n\t\t\t\t\t\t\t\t<div class=\"img-inner image-cover dark\" style=\"padding-top:75%;\">\n\t\t\t<img loading=\"lazy\" decoding=\"async\" width=\"300\" height=\"225\" src=\"https:\/\/www.kwikgrass.nu\/wp-content\/uploads\/2020\/10\/9-300x225.jpg\" class=\"attachment-medium size-medium\" alt=\"Legintructie stap 9: onderhoud van uw kunstgras\" srcset=\"https:\/\/www.kwikgrass.nu\/wp-content\/uploads\/2020\/10\/9-300x225.jpg 300w, https:\/\/www.kwikgrass.nu\/wp-content\/uploads\/2020\/10\/9-16x12.jpg 16w, https:\/\/www.kwikgrass.nu\/wp-content\/uploads\/2020\/10\/9.jpg 478w\" sizes=\"auto, (max-width: 300px) 100vw, 300px\" \/>\t\t\t\t\t\t\n\t\t\t\t\t<\/div>\n\t\t\t\t\t\t\t\t\n<style>\n#image_1950889901 {\n  width: 100%;\n}\n<\/style>\n\t<\/div>\n\t\n<h6 style=\"font-size: 300%;\">9<\/h6>\n<p>Regelm\u00e4\u00dfige, professionelle Pflege  erh\u00f6htdie Lebensdauer Ihres Rasens und erh\u00e4lt ihn in gutem Zustand. Deshalb empfehlen wir Ihnen , den Rasen alle 6 Wochen oberfl\u00e4chlich zu reinigen und den Sand dabei bei Bedarf wieder gleichm\u00e4\u00dfig zu verteilen.\u00a0<\/p>\n\t\t<\/div>\n\t\t\t<\/div>\n\n\t\n<\/div>\n\t\t<\/div>\n\t\t\n<style>\n#col-224134344 > .col-inner {\n  padding: 50px 0px 10px 0px;\n  margin: 0px 0px -10px 0px;\n}\n<\/style>\n\t<\/div>\n\n\t\n<\/div>\n\t\t<\/div>\n\t\t\t<\/div>\n\n\t\n<\/div>\n\t\t<\/div>\n\n\t\t\n<style>\n#section_420359565 {\n  padding-top: 60px;\n  padding-bottom: 60px;\n  background-color: #273647;\n}\n<\/style>\n\t<\/section>","protected":false},"excerpt":{"rendered":"","protected":false},"author":2,"featured_media":0,"parent":0,"menu_order":0,"comment_status":"closed","ping_status":"closed","template":"page-blank.php","meta":{"footnotes":""},"class_list":["post-1208","page","type-page","status-publish","hentry"],"yoast_head":"<!-- This site is optimized with the Yoast SEO plugin v27.2 - https:\/\/yoast.com\/product\/yoast-seo-wordpress\/ -->\n<title>Installatie en onderhoud - KwikGrass<\/title>\n<meta name=\"robots\" content=\"index, follow, max-snippet:-1, max-image-preview:large, max-video-preview:-1\" \/>\n<link rel=\"canonical\" href=\"https:\/\/www.kwikgrass.nu\/de\/installatie-en-onderhoud\/\" \/>\n<meta property=\"og:locale\" content=\"de_DE\" \/>\n<meta property=\"og:type\" content=\"article\" \/>\n<meta property=\"og:title\" content=\"Installatie en onderhoud - KwikGrass\" \/>\n<meta property=\"og:url\" content=\"https:\/\/www.kwikgrass.nu\/de\/installatie-en-onderhoud\/\" \/>\n<meta property=\"og:site_name\" content=\"KwikGrass\" \/>\n<meta property=\"article:modified_time\" content=\"2020-10-29T11:48:18+00:00\" \/>\n<meta name=\"twitter:card\" content=\"summary_large_image\" \/>\n<meta name=\"twitter:label1\" content=\"Gesch\u00e4tzte Lesezeit\" \/>\n\t<meta name=\"twitter:data1\" content=\"3\u00a0Minuten\" \/>\n<script type=\"application\/ld+json\" class=\"yoast-schema-graph\">{\"@context\":\"https:\/\/schema.org\",\"@graph\":[{\"@type\":\"WebPage\",\"@id\":\"https:\/\/www.kwikgrass.nu\/installatie-en-onderhoud\/\",\"url\":\"https:\/\/www.kwikgrass.nu\/installatie-en-onderhoud\/\",\"name\":\"Installatie en onderhoud - KwikGrass\",\"isPartOf\":{\"@id\":\"https:\/\/www.kwikgrass.nu\/#website\"},\"datePublished\":\"2020-09-29T09:08:38+00:00\",\"dateModified\":\"2020-10-29T11:48:18+00:00\",\"breadcrumb\":{\"@id\":\"https:\/\/www.kwikgrass.nu\/installatie-en-onderhoud\/#breadcrumb\"},\"inLanguage\":\"de\",\"potentialAction\":[{\"@type\":\"ReadAction\",\"target\":[\"https:\/\/www.kwikgrass.nu\/installatie-en-onderhoud\/\"]}]},{\"@type\":\"BreadcrumbList\",\"@id\":\"https:\/\/www.kwikgrass.nu\/installatie-en-onderhoud\/#breadcrumb\",\"itemListElement\":[{\"@type\":\"ListItem\",\"position\":1,\"name\":\"Home\",\"item\":\"https:\/\/www.kwikgrass.nu\/\"},{\"@type\":\"ListItem\",\"position\":2,\"name\":\"Installatie en onderhoud\"}]},{\"@type\":\"WebSite\",\"@id\":\"https:\/\/www.kwikgrass.nu\/#website\",\"url\":\"https:\/\/www.kwikgrass.nu\/\",\"name\":\"KwikGrass\",\"description\":\"\",\"potentialAction\":[{\"@type\":\"SearchAction\",\"target\":{\"@type\":\"EntryPoint\",\"urlTemplate\":\"https:\/\/www.kwikgrass.nu\/?s={search_term_string}\"},\"query-input\":{\"@type\":\"PropertyValueSpecification\",\"valueRequired\":true,\"valueName\":\"search_term_string\"}}],\"inLanguage\":\"de\"}]}<\/script>\n<!-- \/ Yoast SEO plugin. -->","yoast_head_json":{"title":"Installatie en onderhoud - KwikGrass","robots":{"index":"index","follow":"follow","max-snippet":"max-snippet:-1","max-image-preview":"max-image-preview:large","max-video-preview":"max-video-preview:-1"},"canonical":"https:\/\/www.kwikgrass.nu\/de\/installatie-en-onderhoud\/","og_locale":"de_DE","og_type":"article","og_title":"Installatie en onderhoud - KwikGrass","og_url":"https:\/\/www.kwikgrass.nu\/de\/installatie-en-onderhoud\/","og_site_name":"KwikGrass","article_modified_time":"2020-10-29T11:48:18+00:00","twitter_card":"summary_large_image","twitter_misc":{"Gesch\u00e4tzte Lesezeit":"3\u00a0Minuten"},"schema":{"@context":"https:\/\/schema.org","@graph":[{"@type":"WebPage","@id":"https:\/\/www.kwikgrass.nu\/installatie-en-onderhoud\/","url":"https:\/\/www.kwikgrass.nu\/installatie-en-onderhoud\/","name":"Installatie en onderhoud - KwikGrass","isPartOf":{"@id":"https:\/\/www.kwikgrass.nu\/#website"},"datePublished":"2020-09-29T09:08:38+00:00","dateModified":"2020-10-29T11:48:18+00:00","breadcrumb":{"@id":"https:\/\/www.kwikgrass.nu\/installatie-en-onderhoud\/#breadcrumb"},"inLanguage":"de","potentialAction":[{"@type":"ReadAction","target":["https:\/\/www.kwikgrass.nu\/installatie-en-onderhoud\/"]}]},{"@type":"BreadcrumbList","@id":"https:\/\/www.kwikgrass.nu\/installatie-en-onderhoud\/#breadcrumb","itemListElement":[{"@type":"ListItem","position":1,"name":"Home","item":"https:\/\/www.kwikgrass.nu\/"},{"@type":"ListItem","position":2,"name":"Installatie en onderhoud"}]},{"@type":"WebSite","@id":"https:\/\/www.kwikgrass.nu\/#website","url":"https:\/\/www.kwikgrass.nu\/","name":"KwikGrass","description":"","potentialAction":[{"@type":"SearchAction","target":{"@type":"EntryPoint","urlTemplate":"https:\/\/www.kwikgrass.nu\/?s={search_term_string}"},"query-input":{"@type":"PropertyValueSpecification","valueRequired":true,"valueName":"search_term_string"}}],"inLanguage":"de"}]}},"_links":{"self":[{"href":"https:\/\/www.kwikgrass.nu\/de\/wp-json\/wp\/v2\/pages\/1208","targetHints":{"allow":["GET"]}}],"collection":[{"href":"https:\/\/www.kwikgrass.nu\/de\/wp-json\/wp\/v2\/pages"}],"about":[{"href":"https:\/\/www.kwikgrass.nu\/de\/wp-json\/wp\/v2\/types\/page"}],"author":[{"embeddable":true,"href":"https:\/\/www.kwikgrass.nu\/de\/wp-json\/wp\/v2\/users\/2"}],"replies":[{"embeddable":true,"href":"https:\/\/www.kwikgrass.nu\/de\/wp-json\/wp\/v2\/comments?post=1208"}],"version-history":[{"count":26,"href":"https:\/\/www.kwikgrass.nu\/de\/wp-json\/wp\/v2\/pages\/1208\/revisions"}],"predecessor-version":[{"id":1668,"href":"https:\/\/www.kwikgrass.nu\/de\/wp-json\/wp\/v2\/pages\/1208\/revisions\/1668"}],"wp:attachment":[{"href":"https:\/\/www.kwikgrass.nu\/de\/wp-json\/wp\/v2\/media?parent=1208"}],"curies":[{"name":"wp","href":"https:\/\/api.w.org\/{rel}","templated":true}]}}