{"id":1846,"date":"2021-03-18T11:04:51","date_gmt":"2021-03-18T10:04:51","guid":{"rendered":"https:\/\/www.kwikgrass.nu\/?page_id=1846"},"modified":"2024-03-21T10:53:52","modified_gmt":"2024-03-21T09:53:52","slug":"vacatures","status":"publish","type":"page","link":"https:\/\/www.kwikgrass.nu\/de\/vacatures\/","title":{"rendered":"Jobs"},"content":{"rendered":"<section class=\"section dark\" id=\"section_1079261445\">\n\t\t<div class=\"bg section-bg fill bg-fill\" >\n\n\t\t\t\n\t\t\t<div class=\"section-bg-overlay absolute fill\"><\/div><button class=\"scroll-for-more z-5 icon absolute bottom h-center\"><i class=\"icon-angle-down\" style=\"font-size:42px;\"><\/i><\/button>\n\t\t\t\n\n\t\t<\/div>\n\n\t\t<div class=\"section-content relative\">\n\t\t\t\n<div class=\"row\"  id=\"row-505493815\">\n\n\t<div id=\"col-1803745071\" class=\"col medium-8 small-12 large-6\"  >\n\t\t<div class=\"col-inner\"  >\n\t\t\t\n\t\t\t\n<h2 style=\"font-size: 300%;\">Jobs<\/h2>\n<p>Door onze groei zijn wij doorlopend op zoek naar nieuwe collega&#8217;s. Staat jouw profiel niet tussen de openstaande vacatures? Dan kan je altijd een open sollicitatie sturen.<\/p>\n\t\t<\/div>\n\t\t\t<\/div>\n\n\t\n<\/div>\n\t\t<\/div>\n\n\t\t\n<style>\n#section_1079261445 {\n  padding-top: 90px;\n  padding-bottom: 90px;\n}\n#section_1079261445 .section-bg-overlay {\n  background-color: rgba(0,0,0,.5);\n}\n#section_1079261445 .section-bg.bg-loaded {\n  background-image: url(https:\/\/www.kwikgrass.nu\/wp-content\/uploads\/2021\/06\/20210601_105218974_iOS.jpg);\n}\n#section_1079261445 .section-bg {\n  background-position: 2% 74%;\n}\n<\/style>\n\t<\/section>\n\t\n\t<section class=\"section\" id=\"section_2077974321\">\n\t\t<div class=\"bg section-bg fill bg-fill  bg-loaded\" >\n\n\t\t\t\n\t\t\t\n\t\t\t\n\n\t\t<\/div>\n\n\t\t<div class=\"section-content relative\">\n\t\t\t\n<div class=\"row\"  id=\"row-1778752512\">\n\n\t<div id=\"col-756480853\" class=\"col small-12 large-12\"  >\n\t\t<div class=\"col-inner\"  >\n\t\t\t\n\t\t\t\n<div class=\"row row-collapse align-middle\"  id=\"row-1919975377\">\n\n\t<div id=\"col-1739470267\" class=\"col medium-5 small-12 large-4\"  >\n\t\t<div class=\"col-inner\"  >\n\t\t\t\n\t\t\t\n\n  <div class=\"banner has-hover\" id=\"banner-1034916112\">\n          <div class=\"banner-inner fill\">\n        <div class=\"banner-bg fill\" >\n            <div class=\"bg fill bg-fill\"><\/div>\n                                    \n                    <\/div>\n        <div class=\"banner-layers container\">\n            <div class=\"fill banner-link\"><\/div>            \n   <div id=\"text-box-390717907\" class=\"text-box banner-layer x50 md-x50 lg-x50 y50 md-y50 lg-y50 res-text\">\n                                <div class=\"text dark\">\n              \n              <div class=\"text-inner text-center\">\n                  \n              <\/div>\n           <\/div>\n                            \n<style>\n#text-box-390717907 {\n  width: 60%;\n}\n#text-box-390717907 .text {\n  font-size: 100%;\n}\n@media (min-width:550px) {\n  #text-box-390717907 {\n    width: 60%;\n  }\n}\n<\/style>\n    <\/div>\n \n        <\/div>\n      <\/div>\n\n            \n<style>\n#banner-1034916112 {\n  padding-top: 400px;\n  background-color: rgb(244, 244, 244);\n}\n#banner-1034916112 .bg.bg-loaded {\n  background-image: url(https:\/\/www.kwikgrass.nu\/wp-content\/uploads\/2020\/10\/laar-en-berg-21-1024x575.jpg);\n}\n@media (min-width:550px) {\n  #banner-1034916112 {\n    padding-top: 500px;\n  }\n}\n<\/style>\n  <\/div>\n\n\n\t\t<\/div>\n\t\t\t<\/div>\n\n\t\n\n\t<div id=\"col-1715556785\" class=\"col team-sorted-info medium-7 small-12 large-8\"  >\n\t\t<div class=\"col-inner\"  >\n\t\t\t\n\t\t\t\n<h2>Allround Groen Medewerker<\/h2>\n<p>24 tot 40 uur<\/p>\n\t<div id=\"gap-1809675529\" class=\"gap-element clearfix\" style=\"display:block; height:auto;\">\n\t\t\n<style>\n#gap-1809675529 {\n  padding-top: 5px;\n}\n<\/style>\n\t<\/div>\n\t\n<p>Unser Unternehmen entwickelt sich st\u00e4ndig weiter. Deshalb suchen wir eine vielseitige und engagierte Fachkraft, die zum weiteren Wachstum unseres Unternehmens beitragen m\u00f6chte. Sie helfen bei der ordnungsgem\u00e4\u00dfen Vorbereitung der auszuf\u00fchrenden Arbeiten und der termingerechten Lieferung, mit dem Ziel, eine optimale Kundenzufriedenheit zu erreichen.<\/p>\n<div class=\"is-divider divider clearfix\" style=\"margin-top:1.2em;margin-bottom:1.2em;max-width:100%;height:2px;background-color:rgba(0, 0, 0, 0.09);\"><\/div>\n<div class=\"row row-small\"  id=\"row-1964641885\">\n\n\t<div id=\"col-111418279\" class=\"col medium-12 small-12 large-7\"  >\n\t\t<div class=\"col-inner\"  >\n\t\t\t\n\t\t\t\n<div class=\"social-icons follow-icons full-width text-left\" style=\"font-size:90%\"><a href=\"https:\/\/www.facebook.com\/KwikGrass\" target=\"_blank\" data-label=\"Facebook\"  rel=\"noopener noreferrer nofollow\" class=\"icon plain facebook tooltip\" title=\"Follow on Facebook\"><i class=\"icon-facebook\" ><\/i><\/a><a href=\"https:\/\/www.instagram.com\/kwikgrass\/\" target=\"_blank\" rel=\"noopener noreferrer nofollow\" data-label=\"Instagram\" class=\"icon plain  instagram tooltip\" title=\"Follow on Instagram\"><i class=\"icon-instagram\" ><\/i><\/a><a href=\"mailto:info@kwikgrass.nu\" data-label=\"E-mail\"  rel=\"nofollow\" class=\"icon plain  email tooltip\" title=\"Send us an email\"><i class=\"icon-envelop\" ><\/i><\/a><a href=\"tel:0547 383027\" target=\"_blank\"  data-label=\"Phone\"  rel=\"noopener noreferrer nofollow\" class=\"icon plain  phone tooltip\" title=\"Call us\"><i class=\"icon-phone\" ><\/i><\/a><a href=\"https:\/\/nl.linkedin.com\/company\/kunstgrass\" target=\"_blank\" rel=\"noopener noreferrer nofollow\" data-label=\"LinkedIn\" class=\"icon plain  linkedin tooltip\" title=\"Follow on LinkedIn\"><i class=\"icon-linkedin\" ><\/i><\/a><\/div>\n\t\t<\/div>\n\t\t\t<\/div>\n\n\t\n\n\t<div id=\"col-595623749\" class=\"col medium-12 small-12 large-5\"  >\n\t\t<div class=\"col-inner\"  >\n\t\t\t\n\t\t\t\n<a rel=\"noopener noreferrer\" href=\"https:\/\/www.kwikgrass.nu\/wp-content\/uploads\/2023\/11\/vacature-ALLROUND-GROEN-MEDEWERKER.pdf\" target=\"_blank\" class=\"button primary lowercase expand\"  style=\"border-radius:10px;\">\n    <span>Lees verder...<\/span>\n  <i class=\"icon-angle-down\" ><\/i><\/a>\n\n\t\t<\/div>\n\t\t\t<\/div>\n\n\t\n<\/div>\n\t\t<\/div>\n\t\t\n<style>\n#col-1715556785 > .col-inner {\n  padding: 40px 40px 40px 40px;\n}\n<\/style>\n\t<\/div>\n\n\t\n<\/div>\n\t\t<\/div>\n\t\t\n<style>\n#col-756480853 > .col-inner {\n  margin: 10px 0px 10px 0px;\n}\n<\/style>\n\t<\/div>\n\n\t\n\n<style>\n#row-1778752512 > .col > .col-inner {\n  background-color: rgb(255,255,255);\n}\n<\/style>\n<\/div>\n<div class=\"row\"  id=\"row-984247707\">\n\n\t<div id=\"col-1445379209\" class=\"col small-12 large-12\"  >\n\t\t<div class=\"col-inner\"  >\n\t\t\t\n\t\t\t\n<div class=\"row row-collapse align-middle\"  id=\"row-1595032923\">\n\n\t<div id=\"col-1276108455\" class=\"col medium-5 small-12 large-4\"  >\n\t\t<div class=\"col-inner\"  >\n\t\t\t\n\t\t\t\n\n  <div class=\"banner has-hover\" id=\"banner-2094939520\">\n          <div class=\"banner-inner fill\">\n        <div class=\"banner-bg fill\" >\n            <div class=\"bg fill bg-fill\"><\/div>\n                                    \n                    <\/div>\n        <div class=\"banner-layers container\">\n            <div class=\"fill banner-link\"><\/div>            \n   <div id=\"text-box-2055467216\" class=\"text-box banner-layer x50 md-x50 lg-x50 y50 md-y50 lg-y50 res-text\">\n                                <div class=\"text dark\">\n              \n              <div class=\"text-inner text-center\">\n                  \n              <\/div>\n           <\/div>\n                            \n<style>\n#text-box-2055467216 {\n  width: 60%;\n}\n#text-box-2055467216 .text {\n  font-size: 100%;\n}\n@media (min-width:550px) {\n  #text-box-2055467216 {\n    width: 60%;\n  }\n}\n<\/style>\n    <\/div>\n \n        <\/div>\n      <\/div>\n\n            \n<style>\n#banner-2094939520 {\n  padding-top: 400px;\n  background-color: rgb(244, 244, 244);\n}\n#banner-2094939520 .bg.bg-loaded {\n  background-image: url(https:\/\/www.kwikgrass.nu\/wp-content\/uploads\/2021\/06\/20210601_105338993_iOS-768x1024.jpg);\n}\n@media (min-width:550px) {\n  #banner-2094939520 {\n    padding-top: 500px;\n  }\n}\n<\/style>\n  <\/div>\n\n\n\t\t<\/div>\n\t\t\t<\/div>\n\n\t\n\n\t<div id=\"col-1200089817\" class=\"col team-sorted-info medium-7 small-12 large-8\"  >\n\t\t<div class=\"col-inner\"  >\n\t\t\t\n\t\t\t\n<h2>Algemeen medewerker<\/h2>\n<p>4 &#8211; 16 uur<\/p>\n\t<div id=\"gap-991459291\" class=\"gap-element clearfix\" style=\"display:block; height:auto;\">\n\t\t\n<style>\n#gap-991459291 {\n  padding-top: 5px;\n}\n<\/style>\n\t<\/div>\n\t\n<p>Ben jij naast je studie op zoek naar een leuke job voor de vrije uren of op de zaterdag? Zoek je onder de schooltijd van je kinderen een baan waarin je zelfstandig je werkzaamheden kunt uitvoeren?<\/p>\n<div class=\"is-divider divider clearfix\" style=\"margin-top:1.2em;margin-bottom:1.2em;max-width:100%;height:2px;background-color:rgba(0, 0, 0, 0.09);\"><\/div>\n<div class=\"row row-small\"  id=\"row-853451227\">\n\n\t<div id=\"col-1120773851\" class=\"col medium-12 small-12 large-7\"  >\n\t\t<div class=\"col-inner\"  >\n\t\t\t\n\t\t\t\n<div class=\"social-icons follow-icons full-width text-left\" style=\"font-size:89%\"><a href=\"https:\/\/www.facebook.com\/KwikGrass\" target=\"_blank\" data-label=\"Facebook\"  rel=\"noopener noreferrer nofollow\" class=\"icon plain facebook tooltip\" title=\"Follow on Facebook\"><i class=\"icon-facebook\" ><\/i><\/a><a href=\"https:\/\/www.instagram.com\/kwikgrass\/\" target=\"_blank\" rel=\"noopener noreferrer nofollow\" data-label=\"Instagram\" class=\"icon plain  instagram tooltip\" title=\"Follow on Instagram\"><i class=\"icon-instagram\" ><\/i><\/a><a href=\"mailto:info@kwikgrass.nu\" data-label=\"E-mail\"  rel=\"nofollow\" class=\"icon plain  email tooltip\" title=\"Send us an email\"><i class=\"icon-envelop\" ><\/i><\/a><a href=\"tel:0031547383027\" target=\"_blank\"  data-label=\"Phone\"  rel=\"noopener noreferrer nofollow\" class=\"icon plain  phone tooltip\" title=\"Call us\"><i class=\"icon-phone\" ><\/i><\/a><a href=\"https:\/\/nl.linkedin.com\/company\/kunstgrass\" target=\"_blank\" rel=\"noopener noreferrer nofollow\" data-label=\"LinkedIn\" class=\"icon plain  linkedin tooltip\" title=\"Follow on LinkedIn\"><i class=\"icon-linkedin\" ><\/i><\/a><\/div>\n\t\t<\/div>\n\t\t\t<\/div>\n\n\t\n\n\t<div id=\"col-1354221682\" class=\"col medium-12 small-12 large-5\"  >\n\t\t<div class=\"col-inner\"  >\n\t\t\t\n\t\t\t\n<a rel=\"noopener noreferrer\" href=\"https:\/\/www.kwikgrass.nu\/wp-content\/uploads\/2024\/03\/Vacature-Algemeen-medewerker.pdf\" target=\"_blank\" class=\"button primary lowercase expand\"  style=\"border-radius:10px;\">\n    <span>lees meer...<\/span>\n  <i class=\"icon-angle-down\" ><\/i><\/a>\n\n\t\t<\/div>\n\t\t\t<\/div>\n\n\t\n<\/div>\n\t\t<\/div>\n\t\t\n<style>\n#col-1200089817 > .col-inner {\n  padding: 40px 40px 40px 40px;\n}\n<\/style>\n\t<\/div>\n\n\t\n<\/div>\n\t\t<\/div>\n\t\t\n<style>\n#col-1445379209 > .col-inner {\n  margin: 10px 0px 10px 0px;\n}\n<\/style>\n\t<\/div>\n\n\t\n\n<style>\n#row-984247707 > .col > .col-inner {\n  background-color: rgb(255,255,255);\n}\n<\/style>\n<\/div>\n\t\t<\/div>\n\n\t\t\n<style>\n#section_2077974321 {\n  padding-top: 60px;\n  padding-bottom: 60px;\n  background-color: rgb(228, 228, 228);\n}\n<\/style>\n\t<\/section>\n\t\n\t<section class=\"section dark\" id=\"section_1079315356\">\n\t\t<div class=\"bg section-bg fill bg-fill  bg-loaded\" >\n\n\t\t\t\n\t\t\t\n\t\t\t\n\n\t\t<\/div>\n\n\t\t<div class=\"section-content relative\">\n\t\t\t\n<div class=\"row\"  id=\"row-1696654919\">\n\n\t<div id=\"col-1486770001\" class=\"col medium-8 small-12 large-6\"  >\n\t\t<div class=\"col-inner\"  >\n\t\t\t\n\t\t\t\n<h2 style=\"font-size: 250%;\">Wil jij ons team versterken?<\/h2>\n<p>Wij zijn altijd op zoek naar ambitieuze en enthousiaste collega&#8217;s om ons teams te versterken. Lijkt dit je iets, laat het os dan weten en stuur ons jouw C.V. en jouw motivatie om bij ons te komen werken.<\/p>\n<a rel=\"noopener noreferrer\" href=\"mailto:%20info@kwikgrass.nu\" target=\"_blank\" class=\"button primary lowercase\"  style=\"border-radius:10px;\">\n    <span>info@kwikgrass.nu<\/span>\n  <\/a>\n\n\t\t<\/div>\n\t\t\n<style>\n#col-1486770001 > .col-inner {\n  padding: 30px 0px 0px 0px;\n}\n<\/style>\n\t<\/div>\n\n\t\n<\/div>\n\t\t<\/div>\n\n\t\t\n<style>\n#section_1079315356 {\n  padding-top: 60px;\n  padding-bottom: 60px;\n  background-color: rgb(43, 43, 43);\n}\n<\/style>\n\t<\/section>\n\t\n<div class=\"is-divider divider clearfix\" style=\"height:50px;\"><\/div>\n\t<section class=\"section\" id=\"section_507721550\">\n\t\t<div class=\"bg section-bg fill bg-fill  bg-loaded\" >\n\n\t\t\t\n\t\t\t\n\t\t\t\n\n\t\t<\/div>\n\n\t\t<div class=\"section-content relative\">\n\t\t\t\n<div class=\"row\"  id=\"row-1529984673\">\n\n\t<div id=\"col-84602385\" class=\"col small-12 large-12\"  >\n\t\t<div class=\"col-inner\"  >\n\t\t\t\n\t\t\t\n<div class=\"row align-equal\"  id=\"row-792426908\">\n\n\t<div id=\"col-2090698411\" class=\"col medium-6 small-12 large-6\"  >\n\t\t<div class=\"col-inner text-center\"  >\n\t\t\t\n\t\t\t\n\n\t\t<div class=\"icon-box featured-box icon-box-center text-center\"  >\n\t\t\t\t<div class=\"icon-box-text last-reset\">\n\t\t\t\t\t\t\t\t\t\n<h4>Showgarten<\/h4>\n<p>Sie sind herzlich willkommen in unserem Showgarten. Hier k\u00f6nnen Sie einen gro\u00dfen Teil unseres Sortiments einsehen. Wir beraten Sie gerne.<\/p>\n\t\t<\/div>\n\t<\/div>\n\t\n\t\n\t\t<\/div>\n\t\t\t<\/div>\n\n\t\n\n\t<div id=\"col-650544277\" class=\"col medium-6 small-12 large-6\"  >\n\t\t<div class=\"col-inner text-center\"  >\n\t\t\t\n\t\t\t\n\n\t\t<div class=\"icon-box featured-box icon-box-center text-center\"  >\n\t\t\t\t<div class=\"icon-box-text last-reset\">\n\t\t\t\t\t\t\t\t\t\n<h4>Adresse<\/h4>\n<p>Mettenkampsweg 7<br \/>\n7468 AH Enter (Overijssel) Nederland<br \/>\n<u><a href=\"mailto:info@kwikgrass.nu\">info@kwikgrass.nu<\/a><\/u><br \/>\n+31 (0)547 &#8211; 38 30 27<\/p>\n\t\t<\/div>\n\t<\/div>\n\t\n\t\n\t\t<\/div>\n\t\t\t<\/div>\n\n\t\n\n\t<div id=\"col-799685937\" class=\"col small-12 large-12\"  >\n\t\t<div class=\"col-inner text-center\" style=\"background-color:rgb(255,255,255);\" >\n\t\t\t\n\t\t\t\n<div class=\"is-divider divider clearfix\" ><\/div>\n\t\t<\/div>\n\t\t\t<\/div>\n\n\t\n\n\t<div id=\"col-1607275068\" class=\"col small-12 large-12\"  >\n\t\t<div class=\"col-inner text-left\"  >\n\t\t\t\n\t\t\t\n<p><iframe loading=\"lazy\" style=\"border: 0;\" tabindex=\"0\" src=\"https:\/\/www.google.com\/maps\/embed?pb=!1m18!1m12!1m3!1d2440.5264035719993!2d6.569121716515691!3d52.28829947977099!2m3!1f0!2f0!3f0!3m2!1i1024!2i768!4f13.1!3m3!1m2!1s0x47c7f62105db1f8d%3A0x2c0a7576efac9d80!2sMettenkampsweg%207%2C%207468%20AH%20Enter!5e0!3m2!1snl!2snl!4v1610032206369!5m2!1snl!2snl\" width=\"100%\" height=\"450\" frameborder=\"0\" allowfullscreen=\"allowfullscreen\" aria-hidden=\"false\"><\/iframe><\/p>\n\t\t<\/div>\n\t\t\t<\/div>\n\n\t\n\n<style>\n#row-792426908 > .col > .col-inner {\n  padding: 40px 40px 40px 40px;\n  background-color: rgb(255,255,255);\n}\n<\/style>\n<\/div>\n\t\t<\/div>\n\t\t\n<style>\n#col-84602385 > .col-inner {\n  margin: -100px 0px 0px 0px;\n}\n<\/style>\n\t<\/div>\n\n\t\n<\/div>\n\t\t<\/div>\n\n\t\t\n<style>\n#section_507721550 {\n  padding-top: 30px;\n  padding-bottom: 30px;\n  background-color: rgb(244, 244, 244);\n}\n<\/style>\n\t<\/section>","protected":false},"excerpt":{"rendered":"","protected":false},"author":2,"featured_media":0,"parent":0,"menu_order":0,"comment_status":"closed","ping_status":"closed","template":"page-blank.php","meta":{"footnotes":""},"class_list":["post-1846","page","type-page","status-publish","hentry"],"yoast_head":"<!-- This site is optimized with the Yoast SEO plugin v27.2 - https:\/\/yoast.com\/product\/yoast-seo-wordpress\/ -->\n<title>Vacatures - KwikGrass<\/title>\n<meta name=\"robots\" content=\"index, follow, max-snippet:-1, max-image-preview:large, max-video-preview:-1\" \/>\n<link rel=\"canonical\" href=\"https:\/\/www.kwikgrass.nu\/de\/vacatures\/\" \/>\n<meta property=\"og:locale\" content=\"de_DE\" \/>\n<meta property=\"og:type\" content=\"article\" \/>\n<meta property=\"og:title\" content=\"Vacatures - KwikGrass\" \/>\n<meta property=\"og:url\" content=\"https:\/\/www.kwikgrass.nu\/de\/vacatures\/\" \/>\n<meta property=\"og:site_name\" content=\"KwikGrass\" \/>\n<meta property=\"article:modified_time\" content=\"2024-03-21T09:53:52+00:00\" \/>\n<meta name=\"twitter:card\" content=\"summary_large_image\" \/>\n<meta name=\"twitter:label1\" content=\"Gesch\u00e4tzte Lesezeit\" \/>\n\t<meta name=\"twitter:data1\" content=\"3\u00a0Minuten\" \/>\n<script type=\"application\/ld+json\" class=\"yoast-schema-graph\">{\"@context\":\"https:\/\/schema.org\",\"@graph\":[{\"@type\":\"WebPage\",\"@id\":\"https:\/\/www.kwikgrass.nu\/vacatures\/\",\"url\":\"https:\/\/www.kwikgrass.nu\/vacatures\/\",\"name\":\"Vacatures - KwikGrass\",\"isPartOf\":{\"@id\":\"https:\/\/www.kwikgrass.nu\/#website\"},\"datePublished\":\"2021-03-18T10:04:51+00:00\",\"dateModified\":\"2024-03-21T09:53:52+00:00\",\"breadcrumb\":{\"@id\":\"https:\/\/www.kwikgrass.nu\/vacatures\/#breadcrumb\"},\"inLanguage\":\"de\",\"potentialAction\":[{\"@type\":\"ReadAction\",\"target\":[\"https:\/\/www.kwikgrass.nu\/vacatures\/\"]}]},{\"@type\":\"BreadcrumbList\",\"@id\":\"https:\/\/www.kwikgrass.nu\/vacatures\/#breadcrumb\",\"itemListElement\":[{\"@type\":\"ListItem\",\"position\":1,\"name\":\"Home\",\"item\":\"https:\/\/www.kwikgrass.nu\/\"},{\"@type\":\"ListItem\",\"position\":2,\"name\":\"Vacatures\"}]},{\"@type\":\"WebSite\",\"@id\":\"https:\/\/www.kwikgrass.nu\/#website\",\"url\":\"https:\/\/www.kwikgrass.nu\/\",\"name\":\"KwikGrass\",\"description\":\"\",\"potentialAction\":[{\"@type\":\"SearchAction\",\"target\":{\"@type\":\"EntryPoint\",\"urlTemplate\":\"https:\/\/www.kwikgrass.nu\/?s={search_term_string}\"},\"query-input\":{\"@type\":\"PropertyValueSpecification\",\"valueRequired\":true,\"valueName\":\"search_term_string\"}}],\"inLanguage\":\"de\"}]}<\/script>\n<!-- \/ Yoast SEO plugin. -->","yoast_head_json":{"title":"Vacatures - KwikGrass","robots":{"index":"index","follow":"follow","max-snippet":"max-snippet:-1","max-image-preview":"max-image-preview:large","max-video-preview":"max-video-preview:-1"},"canonical":"https:\/\/www.kwikgrass.nu\/de\/vacatures\/","og_locale":"de_DE","og_type":"article","og_title":"Vacatures - KwikGrass","og_url":"https:\/\/www.kwikgrass.nu\/de\/vacatures\/","og_site_name":"KwikGrass","article_modified_time":"2024-03-21T09:53:52+00:00","twitter_card":"summary_large_image","twitter_misc":{"Gesch\u00e4tzte Lesezeit":"3\u00a0Minuten"},"schema":{"@context":"https:\/\/schema.org","@graph":[{"@type":"WebPage","@id":"https:\/\/www.kwikgrass.nu\/vacatures\/","url":"https:\/\/www.kwikgrass.nu\/vacatures\/","name":"Vacatures - KwikGrass","isPartOf":{"@id":"https:\/\/www.kwikgrass.nu\/#website"},"datePublished":"2021-03-18T10:04:51+00:00","dateModified":"2024-03-21T09:53:52+00:00","breadcrumb":{"@id":"https:\/\/www.kwikgrass.nu\/vacatures\/#breadcrumb"},"inLanguage":"de","potentialAction":[{"@type":"ReadAction","target":["https:\/\/www.kwikgrass.nu\/vacatures\/"]}]},{"@type":"BreadcrumbList","@id":"https:\/\/www.kwikgrass.nu\/vacatures\/#breadcrumb","itemListElement":[{"@type":"ListItem","position":1,"name":"Home","item":"https:\/\/www.kwikgrass.nu\/"},{"@type":"ListItem","position":2,"name":"Vacatures"}]},{"@type":"WebSite","@id":"https:\/\/www.kwikgrass.nu\/#website","url":"https:\/\/www.kwikgrass.nu\/","name":"KwikGrass","description":"","potentialAction":[{"@type":"SearchAction","target":{"@type":"EntryPoint","urlTemplate":"https:\/\/www.kwikgrass.nu\/?s={search_term_string}"},"query-input":{"@type":"PropertyValueSpecification","valueRequired":true,"valueName":"search_term_string"}}],"inLanguage":"de"}]}},"_links":{"self":[{"href":"https:\/\/www.kwikgrass.nu\/de\/wp-json\/wp\/v2\/pages\/1846","targetHints":{"allow":["GET"]}}],"collection":[{"href":"https:\/\/www.kwikgrass.nu\/de\/wp-json\/wp\/v2\/pages"}],"about":[{"href":"https:\/\/www.kwikgrass.nu\/de\/wp-json\/wp\/v2\/types\/page"}],"author":[{"embeddable":true,"href":"https:\/\/www.kwikgrass.nu\/de\/wp-json\/wp\/v2\/users\/2"}],"replies":[{"embeddable":true,"href":"https:\/\/www.kwikgrass.nu\/de\/wp-json\/wp\/v2\/comments?post=1846"}],"version-history":[{"count":26,"href":"https:\/\/www.kwikgrass.nu\/de\/wp-json\/wp\/v2\/pages\/1846\/revisions"}],"predecessor-version":[{"id":4057,"href":"https:\/\/www.kwikgrass.nu\/de\/wp-json\/wp\/v2\/pages\/1846\/revisions\/4057"}],"wp:attachment":[{"href":"https:\/\/www.kwikgrass.nu\/de\/wp-json\/wp\/v2\/media?parent=1846"}],"curies":[{"name":"wp","href":"https:\/\/api.w.org\/{rel}","templated":true}]}}